{"id":9105,"date":"2022-06-16T14:51:12","date_gmt":"2022-06-16T13:51:12","guid":{"rendered":"https:\/\/www.theiberico.com\/?post_type=product&#038;p=9105"},"modified":"2025-06-24T22:09:29","modified_gmt":"2025-06-24T21:09:29","slug":"iberico-tenderloin-cebo-white-label","status":"publish","type":"product","link":"https:\/\/www.theiberico.com\/it\/prodotto\/iberico-tenderloin-cebo-white-label\/","title":{"rendered":"Filetto Iberico \u201cCebo\u201d \u2013 Etichetta Bianca"},"content":{"rendered":"<p>Filetto iberico o maiale iberico stagionato di suini alimentati in semilibert\u00e0 con cereali, pascoli naturali e altri prodotti del campo come ghiande, tuberi selvatici, ecc. di produzione propria e locale.<\/p>\n<p>Prosciutto iberico di maiali alimentati in semilibert\u00e0 con cereali, pascoli naturali e altri prodotti del campo come ghiande, tuberi selvatici, ecc. di produzione propria e locale.<\/p>\n<p>Tradizionale marinata dell'Estremadura con paprika di La Vera.<\/p>\n<p>Il filetto \u00e8 uno dei pezzi pi\u00f9 nobili del maiale iberico, \u00e8 probabilmente il pezzo di carne con le infiltrazioni pi\u00f9 grasse, quella famosa marezzatura, che lo rende pi\u00f9 succoso e saporito di qualsiasi altra parte del maiale. Un morso fantastico!<\/p>\n<p>Processo di elaborazione tradizionale della stagionatura in essiccatoi e cantine naturali nel cuore dei prati dell'Estremadura meridionale (Jerez de los Caballeros).<\/p>\n<p>Prodotto dell'Estremadura secondo lo standard di qualit\u00e0 iberico RD 4\/214 (etichetta verde).<\/p>\n<div id=\"description\">\n<div>\n<div>\n<p>Si presenta in tranci da 500 grammi circa, confezionati sottovuoto per una migliore conservazione (si consiglia di aprire la confezione almeno 30 minuti prima del consumo).<\/p>\n<\/div>\n<\/div>\n<\/div>","protected":false},"excerpt":{"rendered":"<div id=\"product-description-short-38\" class=\"rte-content\">\n<div id=\"product-description-short-38\" class=\"rte-content\">Squisito filetto di maiale iberico certificato.<\/div>\n<div><\/div>\n<div><\/div>\n<\/div>\n<div class=\"product-actions\">\n<form id=\"add-to-cart-or-refresh\" action=\"https:\/\/sabordex.com\/carrito\" method=\"post\" data-trp-original-action=\"https:\/\/sabordex.com\/carrito\">\n<div class=\"product-variants\"><\/div>\n<div class=\"product-add-to-cart pt-3\">\n<div class=\"row extra-small-gutters product-quantity\">\n<div class=\"col col-12 col-sm-auto col-add-qty\">\n<div class=\"qty\">\n<div class=\"input-group bootstrap-touchspin\"><\/div>\n<\/div>\n<\/div>\n<\/div>\n<\/div>\n<input type=\"hidden\" name=\"trp-form-language\" value=\"it\"\/><\/form>\n<\/div>","protected":false},"featured_media":9106,"comment_status":"open","ping_status":"closed","template":"","meta":[],"product_cat":[118],"product_tag":[],"_links":{"self":[{"href":"https:\/\/www.theiberico.com\/it\/wp-json\/wp\/v2\/product\/9105"}],"collection":[{"href":"https:\/\/www.theiberico.com\/it\/wp-json\/wp\/v2\/product"}],"about":[{"href":"https:\/\/www.theiberico.com\/it\/wp-json\/wp\/v2\/types\/product"}],"replies":[{"embeddable":true,"href":"https:\/\/www.theiberico.com\/it\/wp-json\/wp\/v2\/comments?post=9105"}],"version-history":[{"count":0,"href":"https:\/\/www.theiberico.com\/it\/wp-json\/wp\/v2\/product\/9105\/revisions"}],"wp:featuredmedia":[{"embeddable":true,"href":"https:\/\/www.theiberico.com\/it\/wp-json\/wp\/v2\/media\/9106"}],"wp:attachment":[{"href":"https:\/\/www.theiberico.com\/it\/wp-json\/wp\/v2\/media?parent=9105"}],"wp:term":[{"taxonomy":"product_cat","embeddable":true,"href":"https:\/\/www.theiberico.com\/it\/wp-json\/wp\/v2\/product_cat?post=9105"},{"taxonomy":"product_tag","embeddable":true,"href":"https:\/\/www.theiberico.com\/it\/wp-json\/wp\/v2\/product_tag?post=9105"}],"curies":[{"name":"wp","href":"https:\/\/api.w.org\/{rel}","templated":true}]}}