{"id":8849,"date":"2022-06-14T12:06:18","date_gmt":"2022-06-14T11:06:18","guid":{"rendered":"https:\/\/www.theiberico.com\/?post_type=product&#038;p=8849"},"modified":"2025-05-02T15:35:32","modified_gmt":"2025-05-02T14:35:32","slug":"traditional-iberian-morcon","status":"publish","type":"product","link":"https:\/\/www.theiberico.com\/it\/prodotto\/traditional-iberian-morcon\/","title":{"rendered":"Morc\u00f2n Tradizionale"},"content":{"rendered":"<p>Un prodotto speciale e distinto della gastronomia dell'Estremadura.<\/p>\n<p>Realizzato con la stessa miscela e condimento del chorizo, a base di aglio e paprika La Vera, il morc\u00f3n iberico \u00e8 realizzato con la parte pi\u00f9 spessa del budello, da qui il suo grande spessore e il lungo processo di stagionatura.<\/p>\n<p>Perfetto per tapas e piatti accompagnati da un buon vino o birra.<\/p>\n<p>Viene confezionato sottovuoto per una migliore conservazione (si consiglia di aprire il contenitore almeno 30 minuti prima del consumo).<\/p>","protected":false},"excerpt":{"rendered":"<p>Squisito morc\u00f3n iberico tradizionale fatto con una miscela di chorizo \u200b\u200be salsiccia in un ampio involucro per una lenta stagionatura.<\/p>\n<p>Disponibile a met\u00e0 o intero.<\/p>","protected":false},"featured_media":9062,"comment_status":"open","ping_status":"closed","template":"","meta":[],"product_cat":[117],"product_tag":[],"_links":{"self":[{"href":"https:\/\/www.theiberico.com\/it\/wp-json\/wp\/v2\/product\/8849"}],"collection":[{"href":"https:\/\/www.theiberico.com\/it\/wp-json\/wp\/v2\/product"}],"about":[{"href":"https:\/\/www.theiberico.com\/it\/wp-json\/wp\/v2\/types\/product"}],"replies":[{"embeddable":true,"href":"https:\/\/www.theiberico.com\/it\/wp-json\/wp\/v2\/comments?post=8849"}],"version-history":[{"count":0,"href":"https:\/\/www.theiberico.com\/it\/wp-json\/wp\/v2\/product\/8849\/revisions"}],"wp:featuredmedia":[{"embeddable":true,"href":"https:\/\/www.theiberico.com\/it\/wp-json\/wp\/v2\/media\/9062"}],"wp:attachment":[{"href":"https:\/\/www.theiberico.com\/it\/wp-json\/wp\/v2\/media?parent=8849"}],"wp:term":[{"taxonomy":"product_cat","embeddable":true,"href":"https:\/\/www.theiberico.com\/it\/wp-json\/wp\/v2\/product_cat?post=8849"},{"taxonomy":"product_tag","embeddable":true,"href":"https:\/\/www.theiberico.com\/it\/wp-json\/wp\/v2\/product_tag?post=8849"}],"curies":[{"name":"wp","href":"https:\/\/api.w.org\/{rel}","templated":true}]}}