{"id":8844,"date":"2022-06-14T11:48:21","date_gmt":"2022-06-14T10:48:21","guid":{"rendered":"https:\/\/www.theiberico.com\/?post_type=product&#038;p=8844"},"modified":"2025-05-10T00:13:05","modified_gmt":"2025-05-09T23:13:05","slug":"tenderloin-100-acorn-fed-iberico-presa-black-label","status":"publish","type":"product","link":"https:\/\/www.theiberico.com\/it\/prodotto\/tenderloin-100-acorn-fed-iberico-presa-black-label\/","title":{"rendered":"Filetto Ib\u00e9rico 100% DOP - Etichetta Nera"},"content":{"rendered":"<p>Filetto iberico 100% o maiale iberico stagionato di suino di razza pura nutrito in libert\u00e0 nella Dehesas dell'Estremadura.<\/p>\n<p>Quando arrivano i mesi freddi dell'anno cadono le pregiate ghiande di lecci e querce da sughero, un prodotto selvatico e altamente nutriente che fa guadagnare ai maiali pi\u00f9 di un terzo del loro peso totale e conferisce al prodotto finale qualit\u00e0 organolettiche ineguagliabili.<\/p>\n<p>Il filetto di maiale iberico di ghianda \u00e8 ricco di acidi grassi polinsaturi, grassi ricchi e sani che rendono questa prelibatezza unica.<\/p>\n<p>Tradizionale marinata dell'Estremadura con paprika di La Vera.<\/p>\n<p>Il filetto \u00e8 uno dei pezzi pi\u00f9 nobili del maiale iberico, \u00e8 probabilmente il pezzo di carne con le infiltrazioni pi\u00f9 grasse, quella famosa marezzatura, che lo rende pi\u00f9 succoso e saporito di qualsiasi altra parte del maiale. Un morso fantastico!<\/p>\n<p>Il processo di produzione \u00e8 completamente artigianale, seguendo la tradizione della lenta stagionatura in essiccatoi e cantine naturali nel cuore dei prati dell'Estremadura meridionale (Jerez de los Caballeros).<\/p>\n<p>Prodotto dell'Estremadura secondo lo standard di qualit\u00e0 iberico RD 4\/214 (etichetta nera).<\/p>\n<div id=\"description\">\n<div>\n<div>\n<p>Si presenta in tranci da 500 grammi circa, confezionati sottovuoto per una migliore conservazione (si consiglia di aprire la confezione almeno 30 minuti prima del consumo).<\/p>\n<\/div>\n<\/div>\n<\/div>","protected":false},"excerpt":{"rendered":"<div id=\"product-description-short-40\" class=\"rte-content\">\n<div id=\"product-description-short-38\" class=\"rte-content\">Squisito filetto di maiale iberico certificato 100% alimentato a cordone.<\/div>\n<div><\/div>\n<div><\/div>\n<\/div>\n<div class=\"product-actions\">\n<form id=\"add-to-cart-or-refresh\" action=\"https:\/\/sabordex.com\/carrito\" method=\"post\" data-trp-original-action=\"https:\/\/sabordex.com\/carrito\">\n<div class=\"product-variants\"><\/div>\n<div class=\"product-add-to-cart pt-3\">\n<div class=\"row extra-small-gutters product-quantity\">\n<div class=\"col col-12 col-sm-auto col-add-qty\">\n<div class=\"qty\">\n<div class=\"input-group bootstrap-touchspin\"><\/div>\n<\/div>\n<\/div>\n<\/div>\n<\/div>\n<input type=\"hidden\" name=\"trp-form-language\" value=\"it\"\/><\/form>\n<\/div>","protected":false},"featured_media":9069,"comment_status":"open","ping_status":"closed","template":"","meta":[],"product_cat":[118],"product_tag":[],"_links":{"self":[{"href":"https:\/\/www.theiberico.com\/it\/wp-json\/wp\/v2\/product\/8844"}],"collection":[{"href":"https:\/\/www.theiberico.com\/it\/wp-json\/wp\/v2\/product"}],"about":[{"href":"https:\/\/www.theiberico.com\/it\/wp-json\/wp\/v2\/types\/product"}],"replies":[{"embeddable":true,"href":"https:\/\/www.theiberico.com\/it\/wp-json\/wp\/v2\/comments?post=8844"}],"version-history":[{"count":0,"href":"https:\/\/www.theiberico.com\/it\/wp-json\/wp\/v2\/product\/8844\/revisions"}],"wp:featuredmedia":[{"embeddable":true,"href":"https:\/\/www.theiberico.com\/it\/wp-json\/wp\/v2\/media\/9069"}],"wp:attachment":[{"href":"https:\/\/www.theiberico.com\/it\/wp-json\/wp\/v2\/media?parent=8844"}],"wp:term":[{"taxonomy":"product_cat","embeddable":true,"href":"https:\/\/www.theiberico.com\/it\/wp-json\/wp\/v2\/product_cat?post=8844"},{"taxonomy":"product_tag","embeddable":true,"href":"https:\/\/www.theiberico.com\/it\/wp-json\/wp\/v2\/product_tag?post=8844"}],"curies":[{"name":"wp","href":"https:\/\/api.w.org\/{rel}","templated":true}]}}