{"id":8580,"date":"2022-06-09T11:21:22","date_gmt":"2022-06-09T10:21:22","guid":{"rendered":"https:\/\/www.theiberico.com\/?page_id=8580"},"modified":"2022-06-23T14:22:37","modified_gmt":"2022-06-23T13:22:37","slug":"the-dehesa","status":"publish","type":"page","link":"https:\/\/www.theiberico.com\/it\/the-dehesa\/","title":{"rendered":"La Dehesa"},"content":{"rendered":"<div data-elementor-type=\"wp-page\" data-elementor-id=\"8580\" class=\"elementor elementor-8580\">\n\t\t\t\t\t\t\t\t\t<section class=\"elementor-section elementor-top-section elementor-element elementor-element-ae496b5 elementor-section-boxed elementor-section-height-default elementor-section-height-default wd-section-disabled\" data-id=\"ae496b5\" data-element_type=\"section\">\n\t\t\t\t\t\t<div class=\"elementor-container elementor-column-gap-default\">\n\t\t\t\t\t<div class=\"elementor-column elementor-col-100 elementor-top-column elementor-element elementor-element-46d5977\" data-id=\"46d5977\" data-element_type=\"column\">\n\t\t\t<div class=\"elementor-widget-wrap elementor-element-populated\">\n\t\t\t\t\t\t\t\t<div class=\"elementor-element elementor-element-e6b91c0 elementor-widget__width-initial elementor-absolute elementor-widget elementor-widget-image\" data-id=\"e6b91c0\" data-element_type=\"widget\" data-settings=\"{&quot;_position&quot;:&quot;absolute&quot;}\" data-widget_type=\"image.default\">\n\t\t\t\t<div class=\"elementor-widget-container\">\n\t\t\t<style>\/*! elementor - v3.6.5 - 27-04-2022 *\/\n.elementor-widget-image{text-align:center}.elementor-widget-image a{display:inline-block}.elementor-widget-image a img[src$=\".svg\"]{width:48px}.elementor-widget-image img{vertical-align:middle;display:inline-block}<\/style>\t\t\t\t\t\t\t\t\t\t\t\t<img decoding=\"async\" loading=\"lazy\" width=\"259\" height=\"210\" src=\"https:\/\/www.theiberico.com\/wp-content\/uploads\/2022\/06\/Screenshot_136-removebg-preview.png\" class=\"attachment-large size-large\" alt=\"\" srcset=\"https:\/\/www.theiberico.com\/wp-content\/uploads\/2022\/06\/Screenshot_136-removebg-preview.png 259w, https:\/\/www.theiberico.com\/wp-content\/uploads\/2022\/06\/Screenshot_136-removebg-preview-150x122.png 150w\" sizes=\"(max-width: 259px) 100vw, 259px\" \/>\t\t\t\t\t\t\t\t\t\t\t\t\t\t\t<\/div>\n\t\t\t\t<\/div>\n\t\t\t\t<div class=\"elementor-element elementor-element-8f25de3 elementor-widget__width-initial elementor-absolute elementor-widget elementor-widget-image\" data-id=\"8f25de3\" data-element_type=\"widget\" data-settings=\"{&quot;_position&quot;:&quot;absolute&quot;}\" data-widget_type=\"image.default\">\n\t\t\t\t<div class=\"elementor-widget-container\">\n\t\t\t\t\t\t\t\t\t\t\t\t\t\t\t<img decoding=\"async\" loading=\"lazy\" width=\"259\" height=\"210\" src=\"https:\/\/www.theiberico.com\/wp-content\/uploads\/2022\/06\/Screenshot_136-removebg-preview.png\" class=\"attachment-large size-large\" alt=\"\" srcset=\"https:\/\/www.theiberico.com\/wp-content\/uploads\/2022\/06\/Screenshot_136-removebg-preview.png 259w, https:\/\/www.theiberico.com\/wp-content\/uploads\/2022\/06\/Screenshot_136-removebg-preview-150x122.png 150w\" sizes=\"(max-width: 259px) 100vw, 259px\" \/>\t\t\t\t\t\t\t\t\t\t\t\t\t\t\t<\/div>\n\t\t\t\t<\/div>\n\t\t\t\t<div class=\"elementor-element elementor-element-cfe512c elementor-widget__width-initial elementor-absolute elementor-widget elementor-widget-image\" data-id=\"cfe512c\" data-element_type=\"widget\" data-settings=\"{&quot;_position&quot;:&quot;absolute&quot;}\" data-widget_type=\"image.default\">\n\t\t\t\t<div class=\"elementor-widget-container\">\n\t\t\t\t\t\t\t\t\t\t\t\t\t\t\t<img decoding=\"async\" loading=\"lazy\" width=\"376\" height=\"439\" src=\"https:\/\/www.theiberico.com\/wp-content\/uploads\/2022\/06\/s.jpg\" class=\"attachment-large size-large\" alt=\"\" srcset=\"https:\/\/www.theiberico.com\/wp-content\/uploads\/2022\/06\/s.jpg 376w, https:\/\/www.theiberico.com\/wp-content\/uploads\/2022\/06\/s-257x300.jpg 257w, https:\/\/www.theiberico.com\/wp-content\/uploads\/2022\/06\/s-150x175.jpg 150w\" sizes=\"(max-width: 376px) 100vw, 376px\" \/>\t\t\t\t\t\t\t\t\t\t\t\t\t\t\t<\/div>\n\t\t\t\t<\/div>\n\t\t\t\t<div class=\"elementor-element elementor-element-90c557f elementor-widget__width-initial elementor-absolute elementor-widget elementor-widget-image\" data-id=\"90c557f\" data-element_type=\"widget\" data-settings=\"{&quot;_position&quot;:&quot;absolute&quot;}\" data-widget_type=\"image.default\">\n\t\t\t\t<div class=\"elementor-widget-container\">\n\t\t\t\t\t\t\t\t\t\t\t\t\t\t\t<img decoding=\"async\" loading=\"lazy\" width=\"281\" height=\"527\" src=\"https:\/\/www.theiberico.com\/wp-content\/uploads\/2022\/06\/Screenshot_137-removebg-preview.png\" class=\"attachment-large size-large\" alt=\"\" srcset=\"https:\/\/www.theiberico.com\/wp-content\/uploads\/2022\/06\/Screenshot_137-removebg-preview.png 281w, https:\/\/www.theiberico.com\/wp-content\/uploads\/2022\/06\/Screenshot_137-removebg-preview-160x300.png 160w, https:\/\/www.theiberico.com\/wp-content\/uploads\/2022\/06\/Screenshot_137-removebg-preview-150x281.png 150w\" sizes=\"(max-width: 281px) 100vw, 281px\" \/>\t\t\t\t\t\t\t\t\t\t\t\t\t\t\t<\/div>\n\t\t\t\t<\/div>\n\t\t\t\t<div class=\"elementor-element elementor-element-01feef2 elementor-widget__width-initial elementor-absolute elementor-widget elementor-widget-image\" data-id=\"01feef2\" data-element_type=\"widget\" data-settings=\"{&quot;_position&quot;:&quot;absolute&quot;}\" data-widget_type=\"image.default\">\n\t\t\t\t<div class=\"elementor-widget-container\">\n\t\t\t\t\t\t\t\t\t\t\t\t\t\t\t<img decoding=\"async\" loading=\"lazy\" width=\"619\" height=\"461\" src=\"https:\/\/www.theiberico.com\/wp-content\/uploads\/2022\/06\/3_bellota_alcornoque.webp\" class=\"attachment-large size-large\" alt=\"\" srcset=\"https:\/\/www.theiberico.com\/wp-content\/uploads\/2022\/06\/3_bellota_alcornoque.webp 619w, https:\/\/www.theiberico.com\/wp-content\/uploads\/2022\/06\/3_bellota_alcornoque-400x298.webp 400w, https:\/\/www.theiberico.com\/wp-content\/uploads\/2022\/06\/3_bellota_alcornoque-430x320.webp 430w, https:\/\/www.theiberico.com\/wp-content\/uploads\/2022\/06\/3_bellota_alcornoque-150x112.webp 150w\" sizes=\"(max-width: 619px) 100vw, 619px\" \/>\t\t\t\t\t\t\t\t\t\t\t\t\t\t\t<\/div>\n\t\t\t\t<\/div>\n\t\t\t\t<div class=\"elementor-element elementor-element-772b233 elementor-widget elementor-widget-heading\" data-id=\"772b233\" data-element_type=\"widget\" data-widget_type=\"heading.default\">\n\t\t\t\t<div class=\"elementor-widget-container\">\n\t\t\t<style>\/*! elementor - v3.6.5 - 27-04-2022 *\/\n.elementor-heading-title{padding:0;margin:0;line-height:1}.elementor-widget-heading .elementor-heading-title[class*=elementor-size-]>a{color:inherit;font-size:inherit;line-height:inherit}.elementor-widget-heading .elementor-heading-title.elementor-size-small{font-size:15px}.elementor-widget-heading .elementor-heading-title.elementor-size-medium{font-size:19px}.elementor-widget-heading .elementor-heading-title.elementor-size-large{font-size:29px}.elementor-widget-heading .elementor-heading-title.elementor-size-xl{font-size:39px}.elementor-widget-heading .elementor-heading-title.elementor-size-xxl{font-size:59px}<\/style><h2 class=\"elementor-heading-title elementor-size-default\">\"...QUESTI CAMPI DI UMIDIT\u00c0 E CONDIZIONI PERFETTE HANNO CREATO UN ANIMALE UNICO. E MOLTO RARO. MA NON HA MAI IMPORTATO. ED \u00c8 ANCORA COS\u00cc. PERCH\u00c9 NON SI TRATTA DI PRODURRE PROSCIUTTO IBERICO: SI TRATTA DI PRODURRE PROSCIUTTI IBERICI ALIMENTATI DA GHIANDOLE 100% .\"<\/h2>\t\t<\/div>\n\t\t\t\t<\/div>\n\t\t\t\t\t<\/div>\n\t\t<\/div>\n\t\t\t\t\t\t\t<\/div>\n\t\t<\/section>\n\t\t\t\t<section class=\"elementor-section elementor-top-section elementor-element elementor-element-7d744b78 elementor-section-content-middle elementor-section-boxed elementor-section-height-default elementor-section-height-default wd-section-disabled\" data-id=\"7d744b78\" data-element_type=\"section\">\n\t\t\t\t\t\t<div class=\"elementor-container elementor-column-gap-extended\">\n\t\t\t\t\t<div class=\"elementor-column elementor-col-50 elementor-top-column elementor-element elementor-element-20e32897\" data-id=\"20e32897\" data-element_type=\"column\">\n\t\t\t<div class=\"elementor-widget-wrap elementor-element-populated\">\n\t\t\t\t\t\t\t\t<section class=\"elementor-section elementor-inner-section elementor-element elementor-element-37f6498d elementor-section-content-middle elementor-section-boxed elementor-section-height-default elementor-section-height-default wd-section-disabled\" data-id=\"37f6498d\" data-element_type=\"section\">\n\t\t\t\t\t\t<div class=\"elementor-container elementor-column-gap-extended\">\n\t\t\t\t\t<div class=\"elementor-column elementor-col-100 elementor-top-column elementor-element elementor-element-560400f3\" data-id=\"560400f3\" data-element_type=\"column\">\n\t\t\t<div class=\"elementor-widget-wrap elementor-element-populated\">\n\t\t\t\t\t\t\t\t<div class=\"elementor-element elementor-element-4115aa59 elementor-widget elementor-widget-wd_image_or_svg\" data-id=\"4115aa59\" data-element_type=\"widget\" data-widget_type=\"wd_image_or_svg.default\">\n\t\t\t\t<div class=\"elementor-widget-container\">\n\t\t\t\n\t\t<div class=\"wd-image text-left\">\n\t\t\t\t\t\t\t\t<img loading=\"lazy\" width=\"750\" height=\"530\" src=\"https:\/\/www.theiberico.com\/wp-content\/uploads\/2022\/06\/galeria-la-dehesa.jpg\" class=\"attachment-full size-full\" alt=\"\" decoding=\"async\" srcset=\"https:\/\/www.theiberico.com\/wp-content\/uploads\/2022\/06\/galeria-la-dehesa.jpg 750w, https:\/\/www.theiberico.com\/wp-content\/uploads\/2022\/06\/galeria-la-dehesa-430x304.jpg 430w, https:\/\/www.theiberico.com\/wp-content\/uploads\/2022\/06\/galeria-la-dehesa-150x106.jpg 150w, https:\/\/www.theiberico.com\/wp-content\/uploads\/2022\/06\/galeria-la-dehesa-700x495.jpg 700w, https:\/\/www.theiberico.com\/wp-content\/uploads\/2022\/06\/galeria-la-dehesa-400x283.jpg 400w\" sizes=\"(max-width: 750px) 100vw, 750px\" \/>\t\t\t\t\t<\/div>\n\n\t\t\t\t<\/div>\n\t\t\t\t<\/div>\n\t\t\t\t\t<\/div>\n\t\t<\/div>\n\t\t\t\t\t\t\t<\/div>\n\t\t<\/section>\n\t\t\t\t\t<\/div>\n\t\t<\/div>\n\t\t\t\t<div class=\"elementor-column elementor-col-50 elementor-top-column elementor-element elementor-element-43d3086e\" data-id=\"43d3086e\" data-element_type=\"column\">\n\t\t\t<div class=\"elementor-widget-wrap elementor-element-populated\">\n\t\t\t\t\t\t\t\t<div class=\"elementor-element elementor-element-773c7560 elementor-widget elementor-widget-wd_title\" data-id=\"773c7560\" data-element_type=\"widget\" data-widget_type=\"wd_title.default\">\n\t\t\t\t<div class=\"elementor-widget-container\">\n\t\t\t\t\t<div class=\"title-wrapper set-mb-s reset-last-child wd-title-color-default wd-title-style-default wd-title-size-default text-left\">\n\n\t\t\t\n\t\t\t<div class=\"liner-continer\">\n\t\t\t\t<h4 class=\"woodmart-title-container title wd-fontsize-l translation-block\">La dehesa nel sud-ovest della penisola garantisce il miglior allevamento del maiale Iberico <em><strong>100% maiale iberico<\/strong><\/em><\/h4> \n\t\t\t\t\t\t\t<\/div>\n\n\t\t\t\t\t<\/div>\n\t\t\t\t<\/div>\n\t\t\t\t<\/div>\n\t\t\t\t<div class=\"elementor-element elementor-element-5660be2a elementor-widget elementor-widget-wd_text_block\" data-id=\"5660be2a\" data-element_type=\"widget\" data-widget_type=\"wd_text_block.default\">\n\t\t\t\t<div class=\"elementor-widget-container\">\n\t\t\t\t\t<div class=\"wd-text-block reset-last-child text-left\">\n\t\t\t\n\t\t\t<p>L'alimentazione completa e naturale dell'animale conferisce un sapore e un aroma eccellenti a tutti i prodotti realizzati con bestiame al 100% iberico allevato in libert\u00e0.<\/p><p>La Dehesa \u00e8 un ambiente peculiare formato da un bosco di querce, querce da sughero e altre specie. Un ecosistema unico e isolato che produce il cibo esclusivo per il maiale Iberico.<\/p>\n\t\t\t\t\t<\/div>\n\t\t\t\t<\/div>\n\t\t\t\t<\/div>\n\t\t\t\t\t<\/div>\n\t\t<\/div>\n\t\t\t\t\t\t\t<\/div>\n\t\t<\/section>\n\t\t\t\t<section class=\"elementor-section elementor-top-section elementor-element elementor-element-7da40a12 elementor-section-content-middle elementor-reverse-mobile elementor-section-boxed elementor-section-height-default elementor-section-height-default wd-section-disabled\" data-id=\"7da40a12\" data-element_type=\"section\">\n\t\t\t\t\t\t<div class=\"elementor-container elementor-column-gap-extended\">\n\t\t\t\t\t<div class=\"elementor-column elementor-col-50 elementor-top-column elementor-element elementor-element-261297c2\" data-id=\"261297c2\" data-element_type=\"column\">\n\t\t\t<div class=\"elementor-widget-wrap elementor-element-populated\">\n\t\t\t\t\t\t\t\t<div class=\"elementor-element elementor-element-29a8d58 elementor-widget elementor-widget-wd_title\" data-id=\"29a8d58\" data-element_type=\"widget\" data-widget_type=\"wd_title.default\">\n\t\t\t\t<div class=\"elementor-widget-container\">\n\t\t\t\t\t<div class=\"title-wrapper set-mb-s reset-last-child wd-title-color-default wd-title-style-default wd-title-size-default text-right\">\n\n\t\t\t\n\t\t\t<div class=\"liner-continer\">\n\t\t\t\t<h4 class=\"woodmart-title-container title wd-fontsize-l\">La ghianda Dehesa \u00e8 il segreto dietro l'incredibile sapore dei maiali iberici 100% nutriti con ghiande.<em><strong><\/strong><\/em><\/h4> \n\t\t\t\t\t\t\t<\/div>\n\n\t\t\t\t\t<\/div>\n\t\t\t\t<\/div>\n\t\t\t\t<\/div>\n\t\t\t\t<div class=\"elementor-element elementor-element-33580864 elementor-widget elementor-widget-wd_text_block\" data-id=\"33580864\" data-element_type=\"widget\" data-widget_type=\"wd_text_block.default\">\n\t\t\t\t<div class=\"elementor-widget-container\">\n\t\t\t\t\t<div class=\"wd-text-block reset-last-child text-right\">\n\t\t\t\n\t\t\t<p>Nelle dehesas secolari si possono trovare fino a cinque diversi tipi di ghiande (quercia, sughero, leccio, gallo e quercia di Kermes) anche se la pi\u00f9 comune \u00e8 del leccio. Verde quando nasce, acquista un colore bruno scuro lucido quando matura, ai tempi della \"Montanera\".<\/p><p>Come se fosse un tesoro da proteggere, una cupola copre un terzo del suo corpo.<\/p>\n\t\t\t\t\t<\/div>\n\t\t\t\t<\/div>\n\t\t\t\t<\/div>\n\t\t\t\t\t<\/div>\n\t\t<\/div>\n\t\t\t\t<div class=\"elementor-column elementor-col-50 elementor-top-column elementor-element elementor-element-31572e0b\" data-id=\"31572e0b\" data-element_type=\"column\">\n\t\t\t<div class=\"elementor-widget-wrap elementor-element-populated\">\n\t\t\t\t\t\t\t\t<section class=\"elementor-section elementor-inner-section elementor-element elementor-element-2f2030d8 elementor-section-content-middle elementor-section-boxed elementor-section-height-default elementor-section-height-default wd-section-disabled\" data-id=\"2f2030d8\" data-element_type=\"section\">\n\t\t\t\t\t\t<div class=\"elementor-container elementor-column-gap-extended\">\n\t\t\t\t\t<div class=\"elementor-column elementor-col-100 elementor-inner-column elementor-element elementor-element-7cda2d75\" data-id=\"7cda2d75\" data-element_type=\"column\">\n\t\t\t<div class=\"elementor-widget-wrap elementor-element-populated\">\n\t\t\t\t\t\t\t\t<div class=\"elementor-element elementor-element-5fb1a58c elementor-widget elementor-widget-wd_image_or_svg\" data-id=\"5fb1a58c\" data-element_type=\"widget\" data-widget_type=\"wd_image_or_svg.default\">\n\t\t\t\t<div class=\"elementor-widget-container\">\n\t\t\t\n\t\t<div class=\"wd-image text-left\">\n\t\t\t\t\t\t\t\t<img loading=\"lazy\" width=\"700\" height=\"488\" src=\"https:\/\/www.theiberico.com\/wp-content\/uploads\/2022\/06\/Group_5.jpg\" class=\"attachment-full size-full\" alt=\"\" decoding=\"async\" srcset=\"https:\/\/www.theiberico.com\/wp-content\/uploads\/2022\/06\/Group_5.jpg 700w, https:\/\/www.theiberico.com\/wp-content\/uploads\/2022\/06\/Group_5-430x300.jpg 430w, https:\/\/www.theiberico.com\/wp-content\/uploads\/2022\/06\/Group_5-150x105.jpg 150w, https:\/\/www.theiberico.com\/wp-content\/uploads\/2022\/06\/Group_5-400x279.jpg 400w\" sizes=\"(max-width: 700px) 100vw, 700px\" \/>\t\t\t\t\t<\/div>\n\n\t\t\t\t<\/div>\n\t\t\t\t<\/div>\n\t\t\t\t\t<\/div>\n\t\t<\/div>\n\t\t\t\t\t\t\t<\/div>\n\t\t<\/section>\n\t\t\t\t\t<\/div>\n\t\t<\/div>\n\t\t\t\t\t\t\t<\/div>\n\t\t<\/section>\n\t\t\t\t<section class=\"elementor-section elementor-top-section elementor-element elementor-element-a3a6d32 elementor-section-content-middle elementor-section-boxed elementor-section-height-default elementor-section-height-default wd-section-disabled\" data-id=\"a3a6d32\" data-element_type=\"section\">\n\t\t\t\t\t\t<div class=\"elementor-container elementor-column-gap-extended\">\n\t\t\t\t\t<div class=\"elementor-column elementor-col-50 elementor-top-column elementor-element elementor-element-89eda7b\" data-id=\"89eda7b\" data-element_type=\"column\">\n\t\t\t<div class=\"elementor-widget-wrap elementor-element-populated\">\n\t\t\t\t\t\t\t\t<div class=\"elementor-element elementor-element-6cb4d73 elementor-widget elementor-widget-wd_image_or_svg\" data-id=\"6cb4d73\" data-element_type=\"widget\" data-widget_type=\"wd_image_or_svg.default\">\n\t\t\t\t<div class=\"elementor-widget-container\">\n\t\t\t\n\t\t<div class=\"wd-image text-left\">\n\t\t\t\t\t\t\t\t<img loading=\"lazy\" width=\"1116\" height=\"809\" src=\"https:\/\/www.theiberico.com\/wp-content\/uploads\/2022\/06\/73A0222.jpg\" class=\"attachment-full size-full\" alt=\"\" decoding=\"async\" srcset=\"https:\/\/www.theiberico.com\/wp-content\/uploads\/2022\/06\/73A0222.jpg 1116w, https:\/\/www.theiberico.com\/wp-content\/uploads\/2022\/06\/73A0222-430x312.jpg 430w, https:\/\/www.theiberico.com\/wp-content\/uploads\/2022\/06\/73A0222-150x109.jpg 150w, https:\/\/www.theiberico.com\/wp-content\/uploads\/2022\/06\/73A0222-700x507.jpg 700w, https:\/\/www.theiberico.com\/wp-content\/uploads\/2022\/06\/73A0222-400x290.jpg 400w, https:\/\/www.theiberico.com\/wp-content\/uploads\/2022\/06\/73A0222-1104x800.jpg 1104w, https:\/\/www.theiberico.com\/wp-content\/uploads\/2022\/06\/73A0222-768x557.jpg 768w, https:\/\/www.theiberico.com\/wp-content\/uploads\/2022\/06\/73A0222-860x623.jpg 860w\" sizes=\"(max-width: 1116px) 100vw, 1116px\" \/>\t\t\t\t\t<\/div>\n\n\t\t\t\t<\/div>\n\t\t\t\t<\/div>\n\t\t\t\t\t<\/div>\n\t\t<\/div>\n\t\t\t\t<div class=\"elementor-column elementor-col-50 elementor-top-column elementor-element elementor-element-b7fd228\" data-id=\"b7fd228\" data-element_type=\"column\">\n\t\t\t<div class=\"elementor-widget-wrap elementor-element-populated\">\n\t\t\t\t\t\t\t\t<div class=\"elementor-element elementor-element-014dadb elementor-widget elementor-widget-wd_title\" data-id=\"014dadb\" data-element_type=\"widget\" data-widget_type=\"wd_title.default\">\n\t\t\t\t<div class=\"elementor-widget-container\">\n\t\t\t\t\t<div class=\"title-wrapper set-mb-s reset-last-child wd-title-color-default wd-title-style-default wd-title-size-default text-left\">\n\n\t\t\t\n\t\t\t<div class=\"liner-continer\">\n\t\t\t\t<h4 class=\"woodmart-title-container title wd-fontsize-l\">Il maiale vive in completa libert\u00e0 dai due mesi ai 18-24 mesi di et\u00e0.<em><strong><\/strong><\/em><\/h4> \n\t\t\t\t\t\t\t<\/div>\n\n\t\t\t\t\t<\/div>\n\t\t\t\t<\/div>\n\t\t\t\t<\/div>\n\t\t\t\t<div class=\"elementor-element elementor-element-48b4dff elementor-widget elementor-widget-wd_text_block\" data-id=\"48b4dff\" data-element_type=\"widget\" data-widget_type=\"wd_text_block.default\">\n\t\t\t\t<div class=\"elementor-widget-container\">\n\t\t\t\t\t<div class=\"wd-text-block reset-last-child text-left\">\n\t\t\t\n\t\t\t<p>Durante il suo primo anno di vita, integra la sua dieta a base di ghiande con altri alimenti disponibili in natura come frutti di bosco, radici, funghi, erbe aromatiche, piccoli invertebrati, noci...<\/p><p>Durante il periodo della Montanera gli animali percorrono circa 14 km. quotidianamente nella Dehesa per trovare la ghianda, suo alimento principale e responsabile delle sue eccezionali qualit\u00e0 organolettiche.<\/p>\n\t\t\t\t\t<\/div>\n\t\t\t\t<\/div>\n\t\t\t\t<\/div>\n\t\t\t\t\t<\/div>\n\t\t<\/div>\n\t\t\t\t\t\t\t<\/div>\n\t\t<\/section>\n\t\t\t\t<section class=\"elementor-section elementor-top-section elementor-element elementor-element-ff2b9e1 elementor-section-content-middle elementor-reverse-mobile elementor-section-boxed elementor-section-height-default elementor-section-height-default wd-section-disabled\" data-id=\"ff2b9e1\" data-element_type=\"section\">\n\t\t\t\t\t\t<div class=\"elementor-container elementor-column-gap-extended\">\n\t\t\t\t\t<div class=\"elementor-column elementor-col-50 elementor-top-column elementor-element elementor-element-3ddfa6e\" data-id=\"3ddfa6e\" data-element_type=\"column\">\n\t\t\t<div class=\"elementor-widget-wrap elementor-element-populated\">\n\t\t\t\t\t\t\t\t<div class=\"elementor-element elementor-element-e865822 elementor-widget elementor-widget-wd_text_block\" data-id=\"e865822\" data-element_type=\"widget\" data-widget_type=\"wd_text_block.default\">\n\t\t\t\t<div class=\"elementor-widget-container\">\n\t\t\t\t\t<div class=\"wd-text-block reset-last-child text-right\">\n\t\t\t\n\t\t\t<p>Perch\u00e9 solo rispettando ciascuno degli animali e preservando i prati secolari, che permettono ai maiali di essere allevati in libert\u00e0 e la loro alimentazione completamente naturale, si pu\u00f2 ottenere un sapore ricco di sfumature e aromi come quello dei prodotti Iberico.<\/p>\n\t\t\t\t\t<\/div>\n\t\t\t\t<\/div>\n\t\t\t\t<\/div>\n\t\t\t\t<div class=\"elementor-element elementor-element-18edc0c elementor-widget elementor-widget-wd_title\" data-id=\"18edc0c\" data-element_type=\"widget\" data-widget_type=\"wd_title.default\">\n\t\t\t\t<div class=\"elementor-widget-container\">\n\t\t\t\t\t<div class=\"title-wrapper set-mb-s reset-last-child wd-title-color-default wd-title-style-default wd-title-size-default text-right\">\n\n\t\t\t\n\t\t\t<div class=\"liner-continer\">\n\t\t\t\t<h4 class=\"woodmart-title-container title wd-fontsize-l\"><em><strong><\/strong><\/em><\/h4> \n\t\t\t\t\t\t\t<\/div>\n\n\t\t\t\t\t<\/div>\n\t\t\t\t<\/div>\n\t\t\t\t<\/div>\n\t\t\t\t\t<\/div>\n\t\t<\/div>\n\t\t\t\t<div class=\"elementor-column elementor-col-50 elementor-top-column elementor-element elementor-element-cea5d92\" data-id=\"cea5d92\" data-element_type=\"column\">\n\t\t\t<div class=\"elementor-widget-wrap elementor-element-populated\">\n\t\t\t\t\t\t\t\t<section class=\"elementor-section elementor-inner-section elementor-element elementor-element-144add5 elementor-section-content-middle elementor-section-boxed elementor-section-height-default elementor-section-height-default wd-section-disabled\" data-id=\"144add5\" data-element_type=\"section\">\n\t\t\t\t\t\t<div class=\"elementor-container elementor-column-gap-extended\">\n\t\t\t\t\t<div class=\"elementor-column elementor-col-100 elementor-inner-column elementor-element elementor-element-37429dd\" data-id=\"37429dd\" data-element_type=\"column\">\n\t\t\t<div class=\"elementor-widget-wrap elementor-element-populated\">\n\t\t\t\t\t\t\t\t<div class=\"elementor-element elementor-element-4a1b895 elementor-widget elementor-widget-spacer\" data-id=\"4a1b895\" data-element_type=\"widget\" data-widget_type=\"spacer.default\">\n\t\t\t\t<div class=\"elementor-widget-container\">\n\t\t\t<style>\/*! elementor - v3.6.5 - 27-04-2022 *\/\n.e-container.e-container--row .elementor-spacer-inner{width:var(--spacer-size)}.e-container.e-container--column .elementor-spacer-inner,.elementor-column .elementor-spacer-inner{height:var(--spacer-size)}<\/style>\t\t<div class=\"elementor-spacer\">\n\t\t\t<div class=\"elementor-spacer-inner\"><\/div>\n\t\t<\/div>\n\t\t\t\t<\/div>\n\t\t\t\t<\/div>\n\t\t\t\t\t<\/div>\n\t\t<\/div>\n\t\t\t\t\t\t\t<\/div>\n\t\t<\/section>\n\t\t\t\t\t<\/div>\n\t\t<\/div>\n\t\t\t\t\t\t\t<\/div>\n\t\t<\/section>\n\t\t\t\t\t\t\t<\/div>","protected":false},"excerpt":{"rendered":"<p>&#8220;&#8230;THESE HUMIDITY FIELDS AND PERFECT CONDITIONS CREATED A UNIQUE ANIMAL. AND VERY RARE. BUT THAT NEVER MATTERED. AND IT STILL<\/p>","protected":false},"author":1,"featured_media":0,"parent":0,"menu_order":0,"comment_status":"closed","ping_status":"closed","template":"elementor_header_footer","meta":{"footnotes":""},"_links":{"self":[{"href":"https:\/\/www.theiberico.com\/it\/wp-json\/wp\/v2\/pages\/8580"}],"collection":[{"href":"https:\/\/www.theiberico.com\/it\/wp-json\/wp\/v2\/pages"}],"about":[{"href":"https:\/\/www.theiberico.com\/it\/wp-json\/wp\/v2\/types\/page"}],"author":[{"embeddable":true,"href":"https:\/\/www.theiberico.com\/it\/wp-json\/wp\/v2\/users\/1"}],"replies":[{"embeddable":true,"href":"https:\/\/www.theiberico.com\/it\/wp-json\/wp\/v2\/comments?post=8580"}],"version-history":[{"count":0,"href":"https:\/\/www.theiberico.com\/it\/wp-json\/wp\/v2\/pages\/8580\/revisions"}],"wp:attachment":[{"href":"https:\/\/www.theiberico.com\/it\/wp-json\/wp\/v2\/media?parent=8580"}],"curies":[{"name":"wp","href":"https:\/\/api.w.org\/{rel}","templated":true}]}}