{"id":8559,"date":"2022-06-09T10:29:01","date_gmt":"2022-06-09T09:29:01","guid":{"rendered":"https:\/\/www.theiberico.com\/?page_id=8559"},"modified":"2022-06-19T10:49:13","modified_gmt":"2022-06-19T09:49:13","slug":"the-iberian-pig","status":"publish","type":"page","link":"https:\/\/www.theiberico.com\/it\/the-iberian-pig\/","title":{"rendered":"Il Maiale Ib\u00e9rico"},"content":{"rendered":"<div data-elementor-type=\"wp-page\" data-elementor-id=\"8559\" class=\"elementor elementor-8559\">\n\t\t\t\t\t\t\t\t\t<section class=\"elementor-section elementor-top-section elementor-element elementor-element-188863b elementor-section-boxed elementor-section-height-default elementor-section-height-default wd-section-disabled\" data-id=\"188863b\" data-element_type=\"section\">\n\t\t\t\t\t\t<div class=\"elementor-container elementor-column-gap-default\">\n\t\t\t\t\t<div class=\"elementor-column elementor-col-100 elementor-top-column elementor-element elementor-element-ae1c39d\" data-id=\"ae1c39d\" data-element_type=\"column\">\n\t\t\t<div class=\"elementor-widget-wrap elementor-element-populated\">\n\t\t\t\t\t\t\t\t<div class=\"elementor-element elementor-element-953867f elementor-widget__width-initial elementor-absolute elementor-widget elementor-widget-image\" data-id=\"953867f\" data-element_type=\"widget\" data-settings=\"{&quot;_position&quot;:&quot;absolute&quot;}\" data-widget_type=\"image.default\">\n\t\t\t\t<div class=\"elementor-widget-container\">\n\t\t\t<style>\/*! elementor - v3.6.5 - 27-04-2022 *\/\n.elementor-widget-image{text-align:center}.elementor-widget-image a{display:inline-block}.elementor-widget-image a img[src$=\".svg\"]{width:48px}.elementor-widget-image img{vertical-align:middle;display:inline-block}<\/style>\t\t\t\t\t\t\t\t\t\t\t\t<img decoding=\"async\" loading=\"lazy\" width=\"253\" height=\"212\" src=\"https:\/\/www.theiberico.com\/wp-content\/uploads\/2022\/06\/Screenshot_135-removebg-preview.png\" class=\"attachment-large size-large\" alt=\"\" srcset=\"https:\/\/www.theiberico.com\/wp-content\/uploads\/2022\/06\/Screenshot_135-removebg-preview.png 253w, https:\/\/www.theiberico.com\/wp-content\/uploads\/2022\/06\/Screenshot_135-removebg-preview-150x126.png 150w\" sizes=\"(max-width: 253px) 100vw, 253px\" \/>\t\t\t\t\t\t\t\t\t\t\t\t\t\t\t<\/div>\n\t\t\t\t<\/div>\n\t\t\t\t<div class=\"elementor-element elementor-element-9cf818b elementor-widget__width-initial elementor-absolute elementor-widget elementor-widget-image\" data-id=\"9cf818b\" data-element_type=\"widget\" data-settings=\"{&quot;_position&quot;:&quot;absolute&quot;}\" data-widget_type=\"image.default\">\n\t\t\t\t<div class=\"elementor-widget-container\">\n\t\t\t\t\t\t\t\t\t\t\t\t\t\t\t<img decoding=\"async\" loading=\"lazy\" width=\"304\" height=\"238\" src=\"https:\/\/www.theiberico.com\/wp-content\/uploads\/2022\/06\/Screenshot_134-removebg-preview.png\" class=\"attachment-large size-large\" alt=\"\" srcset=\"https:\/\/www.theiberico.com\/wp-content\/uploads\/2022\/06\/Screenshot_134-removebg-preview.png 304w, https:\/\/www.theiberico.com\/wp-content\/uploads\/2022\/06\/Screenshot_134-removebg-preview-150x117.png 150w\" sizes=\"(max-width: 304px) 100vw, 304px\" \/>\t\t\t\t\t\t\t\t\t\t\t\t\t\t\t<\/div>\n\t\t\t\t<\/div>\n\t\t\t\t<div class=\"elementor-element elementor-element-2965542 elementor-widget__width-initial elementor-absolute elementor-widget elementor-widget-image\" data-id=\"2965542\" data-element_type=\"widget\" data-settings=\"{&quot;_position&quot;:&quot;absolute&quot;}\" data-widget_type=\"image.default\">\n\t\t\t\t<div class=\"elementor-widget-container\">\n\t\t\t\t\t\t\t\t\t\t\t\t\t\t\t<img decoding=\"async\" loading=\"lazy\" width=\"619\" height=\"461\" src=\"https:\/\/www.theiberico.com\/wp-content\/uploads\/2022\/06\/3_bellota_alcornoque.webp\" class=\"attachment-large size-large\" alt=\"\" srcset=\"https:\/\/www.theiberico.com\/wp-content\/uploads\/2022\/06\/3_bellota_alcornoque.webp 619w, https:\/\/www.theiberico.com\/wp-content\/uploads\/2022\/06\/3_bellota_alcornoque-400x298.webp 400w, https:\/\/www.theiberico.com\/wp-content\/uploads\/2022\/06\/3_bellota_alcornoque-430x320.webp 430w, https:\/\/www.theiberico.com\/wp-content\/uploads\/2022\/06\/3_bellota_alcornoque-150x112.webp 150w\" sizes=\"(max-width: 619px) 100vw, 619px\" \/>\t\t\t\t\t\t\t\t\t\t\t\t\t\t\t<\/div>\n\t\t\t\t<\/div>\n\t\t\t\t<div class=\"elementor-element elementor-element-f47b788 text-center color-scheme-inherit elementor-widget elementor-widget-text-editor\" data-id=\"f47b788\" data-element_type=\"widget\" data-widget_type=\"text-editor.default\">\n\t\t\t\t<div class=\"elementor-widget-container\">\n\t\t\t<style>\/*! elementor - v3.6.5 - 27-04-2022 *\/\n.elementor-widget-text-editor.elementor-drop-cap-view-stacked .elementor-drop-cap{background-color:#818a91;color:#fff}.elementor-widget-text-editor.elementor-drop-cap-view-framed .elementor-drop-cap{color:#818a91;border:3px solid;background-color:transparent}.elementor-widget-text-editor:not(.elementor-drop-cap-view-default) .elementor-drop-cap{margin-top:8px}.elementor-widget-text-editor:not(.elementor-drop-cap-view-default) .elementor-drop-cap-letter{width:1em;height:1em}.elementor-widget-text-editor .elementor-drop-cap{float:left;text-align:center;line-height:1;font-size:50px}.elementor-widget-text-editor .elementor-drop-cap-letter{display:inline-block}<\/style>\t\t\t\t<p class=\" translation-block\">Il vero\u00a0<strong>prosciutto iberico<\/strong>\u00a0proviene da una razza suina originaria del sud-ovest della Spagna. Concretamente dalla Sierra de Huelva, oggigiorno, Sierra de Aracena e il Parco Naturale dei Picos de Aroche, nel cui cuore si trova Jabugo e altri comuni di tradizione del prosciutto.<\/p>\t\t\t\t\t\t<\/div>\n\t\t\t\t<\/div>\n\t\t\t\t\t<\/div>\n\t\t<\/div>\n\t\t\t\t\t\t\t<\/div>\n\t\t<\/section>\n\t\t\t\t<section class=\"elementor-section elementor-top-section elementor-element elementor-element-570a858 elementor-section-boxed elementor-section-height-default elementor-section-height-default wd-section-disabled\" data-id=\"570a858\" data-element_type=\"section\">\n\t\t\t\t\t\t<div class=\"elementor-container elementor-column-gap-default\">\n\t\t\t\t\t<div class=\"elementor-column elementor-col-100 elementor-top-column elementor-element elementor-element-2076527\" data-id=\"2076527\" data-element_type=\"column\">\n\t\t\t<div class=\"elementor-widget-wrap elementor-element-populated\">\n\t\t\t\t\t\t\t\t<div class=\"elementor-element elementor-element-3c46c3e elementor-widget elementor-widget-image\" data-id=\"3c46c3e\" data-element_type=\"widget\" data-widget_type=\"image.default\">\n\t\t\t\t<div class=\"elementor-widget-container\">\n\t\t\t\t\t\t\t\t\t\t\t\t\t\t\t<img decoding=\"async\" loading=\"lazy\" width=\"1300\" height=\"413\" src=\"https:\/\/www.theiberico.com\/wp-content\/uploads\/2022\/06\/01_GGC2742_cielosuave_1600px_inicio02-1300x413.jpg\" class=\"attachment-large size-large\" alt=\"\" srcset=\"https:\/\/www.theiberico.com\/wp-content\/uploads\/2022\/06\/01_GGC2742_cielosuave_1600px_inicio02-1300x413.jpg 1300w, https:\/\/www.theiberico.com\/wp-content\/uploads\/2022\/06\/01_GGC2742_cielosuave_1600px_inicio02-400x127.jpg 400w, https:\/\/www.theiberico.com\/wp-content\/uploads\/2022\/06\/01_GGC2742_cielosuave_1600px_inicio02-768x244.jpg 768w, https:\/\/www.theiberico.com\/wp-content\/uploads\/2022\/06\/01_GGC2742_cielosuave_1600px_inicio02-1536x488.jpg 1536w, https:\/\/www.theiberico.com\/wp-content\/uploads\/2022\/06\/01_GGC2742_cielosuave_1600px_inicio02-860x273.jpg 860w, https:\/\/www.theiberico.com\/wp-content\/uploads\/2022\/06\/01_GGC2742_cielosuave_1600px_inicio02-430x137.jpg 430w, https:\/\/www.theiberico.com\/wp-content\/uploads\/2022\/06\/01_GGC2742_cielosuave_1600px_inicio02-700x222.jpg 700w, https:\/\/www.theiberico.com\/wp-content\/uploads\/2022\/06\/01_GGC2742_cielosuave_1600px_inicio02-150x48.jpg 150w, https:\/\/www.theiberico.com\/wp-content\/uploads\/2022\/06\/01_GGC2742_cielosuave_1600px_inicio02.jpg 1600w\" sizes=\"(max-width: 1300px) 100vw, 1300px\" \/>\t\t\t\t\t\t\t\t\t\t\t\t\t\t\t<\/div>\n\t\t\t\t<\/div>\n\t\t\t\t\t<\/div>\n\t\t<\/div>\n\t\t\t\t\t\t\t<\/div>\n\t\t<\/section>\n\t\t\t\t<section class=\"elementor-section elementor-top-section elementor-element elementor-element-f9ce305 elementor-section-boxed elementor-section-height-default elementor-section-height-default wd-section-disabled\" data-id=\"f9ce305\" data-element_type=\"section\">\n\t\t\t\t\t\t<div class=\"elementor-container elementor-column-gap-default\">\n\t\t\t\t\t<div class=\"elementor-column elementor-col-100 elementor-top-column elementor-element elementor-element-7454aa7\" data-id=\"7454aa7\" data-element_type=\"column\">\n\t\t\t<div class=\"elementor-widget-wrap elementor-element-populated\">\n\t\t\t\t\t\t\t\t<div class=\"elementor-element elementor-element-ac007c5 elementor-widget elementor-widget-wd_title\" data-id=\"ac007c5\" data-element_type=\"widget\" data-widget_type=\"wd_title.default\">\n\t\t\t\t<div class=\"elementor-widget-container\">\n\t\t\t\t\t<div class=\"title-wrapper set-mb-s reset-last-child wd-title-color-default wd-title-style-default wd-title-size-default text-center\">\n\n\t\t\t\n\t\t\t<div class=\"liner-continer\">\n\t\t\t\t<h4 class=\"woodmart-title-container title wd-fontsize-l wd-underline-colored-alt\">Testa piccola, muso prominente<\/h4> \n\t\t\t\t\t\t\t<\/div>\n\n\t\t\t\t\t\t\t<div class=\"title-after_title set-cont-mb-s reset-last-child wd-fontsize-xs\">\n\t\t\t\t\t<p>La razza autoctona, cresciuta allo stato brado, si distingue per la testa piccola, il muso prominente, il collo corto e ben muscoloso e il pelo rosso e nero.<\/p><p>La carne del prosciutto e della spalla di questo animale eccezionale \u00e8 rossa e delicata, e il grasso che lo ricopre, e varia in base alla quantit\u00e0 di ghiande che consuma, varia da colori giallastri a rosati.<\/p>\t\t\t\t<\/div>\n\t\t\t\t\t<\/div>\n\t\t\t\t<\/div>\n\t\t\t\t<\/div>\n\t\t\t\t<div class=\"elementor-element elementor-element-64ff99f elementor-widget elementor-widget-wd_title\" data-id=\"64ff99f\" data-element_type=\"widget\" data-widget_type=\"wd_title.default\">\n\t\t\t\t<div class=\"elementor-widget-container\">\n\t\t\t\t\t<div class=\"title-wrapper set-mb-s reset-last-child wd-title-color-default wd-title-style-default wd-title-size-default text-center\">\n\n\t\t\t\n\t\t\t<div class=\"liner-continer\">\n\t\t\t\t<h4 class=\"woodmart-title-container title wd-fontsize-l wd-underline-colored-alt\">Grasso di maiale iberico<\/h4> \n\t\t\t\t\t\t\t<\/div>\n\n\t\t\t\t\t\t\t<div class=\"title-after_title set-cont-mb-s reset-last-child wd-fontsize-xs\">\n\t\t\t\t\t<p>Nel grasso risiede uno dei pi\u00f9 grandi segreti del mondo iberico: a causa di un misterioso e meraviglioso meccanismo biologico, il grasso si infiltra nella carne magra, nelle confezioni muscolari dell'animale, durante il periodo dell'ingrasso, e la conseguenza di ci\u00f2 \u00e8 una caratteristica la consistenza e l'impareggiabile untuosit\u00e0 di una carne che \u00e8 all'origine, non solo del prosciutto, ma di quegli altri pezzi freschi di maiale iberico e derivati che formano una norcineria davvero unica.<\/p>\t\t\t\t<\/div>\n\t\t\t\t\t<\/div>\n\t\t\t\t<\/div>\n\t\t\t\t<\/div>\n\t\t\t\t\t<\/div>\n\t\t<\/div>\n\t\t\t\t\t\t\t<\/div>\n\t\t<\/section>\n\t\t\t\t\t\t\t<\/div>","protected":false},"excerpt":{"rendered":"<p>The genuine\u00a0iberian ham\u00a0proceed from a pig race native from the southwest of Spain. Concretely from Sierra de Huelva, nowadays, Sierra<\/p>","protected":false},"author":1,"featured_media":0,"parent":0,"menu_order":0,"comment_status":"closed","ping_status":"closed","template":"elementor_header_footer","meta":{"footnotes":""},"_links":{"self":[{"href":"https:\/\/www.theiberico.com\/it\/wp-json\/wp\/v2\/pages\/8559"}],"collection":[{"href":"https:\/\/www.theiberico.com\/it\/wp-json\/wp\/v2\/pages"}],"about":[{"href":"https:\/\/www.theiberico.com\/it\/wp-json\/wp\/v2\/types\/page"}],"author":[{"embeddable":true,"href":"https:\/\/www.theiberico.com\/it\/wp-json\/wp\/v2\/users\/1"}],"replies":[{"embeddable":true,"href":"https:\/\/www.theiberico.com\/it\/wp-json\/wp\/v2\/comments?post=8559"}],"version-history":[{"count":0,"href":"https:\/\/www.theiberico.com\/it\/wp-json\/wp\/v2\/pages\/8559\/revisions"}],"wp:attachment":[{"href":"https:\/\/www.theiberico.com\/it\/wp-json\/wp\/v2\/media?parent=8559"}],"curies":[{"name":"wp","href":"https:\/\/api.w.org\/{rel}","templated":true}]}}